{"id":135,"date":"2024-11-09T12:24:42","date_gmt":"2024-11-09T11:24:42","guid":{"rendered":"https:\/\/hotelisha.de\/?page_id=135"},"modified":"2026-02-27T15:59:52","modified_gmt":"2026-02-27T14:59:52","slug":"frankfurt-erleben","status":"publish","type":"page","link":"https:\/\/hotelisha.de\/index.php\/frankfurt-erleben\/","title":{"rendered":"Frankfurt erleben"},"content":{"rendered":"\t\t<div data-elementor-type=\"wp-page\" data-elementor-id=\"135\" class=\"elementor elementor-135\" data-elementor-post-type=\"page\">\n\t\t\t\t<div class=\"elementor-element elementor-element-1386e75e e-con-full e-flex e-con e-parent\" data-id=\"1386e75e\" data-element_type=\"container\" data-e-type=\"container\" data-settings=\"{&quot;background_background&quot;:&quot;classic&quot;}\">\n\t\t\t\t<div class=\"elementor-element elementor-element-dee3f83 elementor-widget elementor-widget-heading\" data-id=\"dee3f83\" data-element_type=\"widget\" data-e-type=\"widget\" data-widget_type=\"heading.default\">\n\t\t\t\t<div class=\"elementor-widget-container\">\n\t\t\t\t\t<h1 class=\"elementor-heading-title elementor-size-default\">Erleben Sie Frankfurt und Umgebung<\/h1>\t\t\t\t<\/div>\n\t\t\t\t<\/div>\n\t\t\t\t<\/div>\n\t\t<div class=\"elementor-element elementor-element-6fa850b e-con-full e-flex e-con e-parent\" data-id=\"6fa850b\" data-element_type=\"container\" data-e-type=\"container\" data-settings=\"{&quot;background_background&quot;:&quot;classic&quot;}\">\n\t\t\t\t<div class=\"elementor-element elementor-element-915a2fc elementor-widget elementor-widget-heading\" data-id=\"915a2fc\" data-element_type=\"widget\" data-e-type=\"widget\" data-widget_type=\"heading.default\">\n\t\t\t\t<div class=\"elementor-widget-container\">\n\t\t\t\t\t<p class=\"elementor-heading-title elementor-size-default\">Unser Hotel hat nicht nur zur Messe und zur Frankfurter Innenstadt die ideale Lage. Auch&nbsp;die Umgebung Frankfurts sowie der Taunus lassen sich in wenigen Minuten mit den \u00f6ffentlichen Verkehrsmitteln oder dem Auto erreichen. <br>Entdecken Sie die Vielfalt der Stadt und des Rhein-Main-Gebiets. <\/p>\t\t\t\t<\/div>\n\t\t\t\t<\/div>\n\t\t\t\t<\/div>\n\t\t<div class=\"elementor-element elementor-element-1362f02 e-con-full e-flex e-con e-parent\" data-id=\"1362f02\" data-element_type=\"container\" data-e-type=\"container\" data-settings=\"{&quot;background_background&quot;:&quot;classic&quot;}\">\n\t\t<div class=\"elementor-element elementor-element-0fb6167 e-con-full e-flex e-con e-child\" data-id=\"0fb6167\" data-element_type=\"container\" data-e-type=\"container\" data-settings=\"{&quot;background_background&quot;:&quot;classic&quot;,&quot;background_motion_fx_motion_fx_scrolling&quot;:&quot;yes&quot;,&quot;background_motion_fx_scale_effect&quot;:&quot;yes&quot;,&quot;background_motion_fx_scale_direction&quot;:&quot;in-out&quot;,&quot;background_motion_fx_scale_speed&quot;:{&quot;unit&quot;:&quot;px&quot;,&quot;size&quot;:4,&quot;sizes&quot;:[]},&quot;background_motion_fx_scale_range&quot;:{&quot;unit&quot;:&quot;%&quot;,&quot;size&quot;:&quot;&quot;,&quot;sizes&quot;:{&quot;start&quot;:20,&quot;end&quot;:80}},&quot;background_motion_fx_devices&quot;:[&quot;desktop&quot;,&quot;tablet&quot;,&quot;mobile&quot;]}\">\n\t\t\t\t<div class=\"elementor-element elementor-element-c2da5bb elementor-widget elementor-widget-heading\" data-id=\"c2da5bb\" data-element_type=\"widget\" data-e-type=\"widget\" data-widget_type=\"heading.default\">\n\t\t\t\t<div class=\"elementor-widget-container\">\n\t\t\t\t\t<h5 class=\"elementor-heading-title elementor-size-default\">Erleben Sie<\/h5>\t\t\t\t<\/div>\n\t\t\t\t<\/div>\n\t\t\t\t<div class=\"elementor-element elementor-element-ec9c924 elementor-widget elementor-widget-heading\" data-id=\"ec9c924\" data-element_type=\"widget\" data-e-type=\"widget\" data-widget_type=\"heading.default\">\n\t\t\t\t<div class=\"elementor-widget-container\">\n\t\t\t\t\t<h3 class=\"elementor-heading-title elementor-size-default\">Frankfurt<\/h3>\t\t\t\t<\/div>\n\t\t\t\t<\/div>\n\t\t\t\t<\/div>\n\t\t<div class=\"elementor-element elementor-element-ce49bfc e-con-full e-flex e-con e-child\" data-id=\"ce49bfc\" data-element_type=\"container\" data-e-type=\"container\" data-settings=\"{&quot;background_background&quot;:&quot;classic&quot;}\">\n\t\t\t\t<div class=\"elementor-element elementor-element-fed0a5b elementor-widget elementor-widget-text-editor\" data-id=\"fed0a5b\" data-element_type=\"widget\" data-e-type=\"widget\" data-widget_type=\"text-editor.default\">\n\t\t\t\t<div class=\"elementor-widget-container\">\n\t\t\t\t\t\t\t\t\t<p>Von unserem Hotel aus k\u00f6nnen Sie alle Stadtteile bequem zu Fu\u00df oder mit den \u00f6ffentlichen Verkehrsmitteln erreichen. U-Bahn, S-Bahn und Stra\u00dfenbahn sowie Busse erreichen Sie nach einem kurzen Fu\u00dfweg.<\/p><p>Sie werden \u00fcber die Vielfalt Frankfurts staunen. Egal ob Sie die Museen der Stadt erkunden oder die Skyline vom Main aus bewundern m\u00f6chten.\u00a0<\/p>\t\t\t\t\t\t\t\t<\/div>\n\t\t\t\t<\/div>\n\t\t\t\t<\/div>\n\t\t\t\t<\/div>\n\t\t<div class=\"elementor-element elementor-element-fb69934 e-con-full e-flex e-con e-parent\" data-id=\"fb69934\" data-element_type=\"container\" data-e-type=\"container\" data-settings=\"{&quot;background_background&quot;:&quot;classic&quot;}\">\n\t\t<div class=\"elementor-element elementor-element-05daea6 e-con-full e-flex e-con e-child\" data-id=\"05daea6\" data-element_type=\"container\" data-e-type=\"container\" data-settings=\"{&quot;background_background&quot;:&quot;classic&quot;,&quot;background_motion_fx_motion_fx_scrolling&quot;:&quot;yes&quot;,&quot;background_motion_fx_scale_effect&quot;:&quot;yes&quot;,&quot;background_motion_fx_scale_direction&quot;:&quot;in-out&quot;,&quot;background_motion_fx_scale_speed&quot;:{&quot;unit&quot;:&quot;px&quot;,&quot;size&quot;:4,&quot;sizes&quot;:[]},&quot;background_motion_fx_scale_range&quot;:{&quot;unit&quot;:&quot;%&quot;,&quot;size&quot;:&quot;&quot;,&quot;sizes&quot;:{&quot;start&quot;:20,&quot;end&quot;:80}},&quot;background_motion_fx_devices&quot;:[&quot;desktop&quot;,&quot;tablet&quot;,&quot;mobile&quot;]}\">\n\t\t\t\t<div class=\"elementor-element elementor-element-d4e04e5 elementor-widget elementor-widget-heading\" data-id=\"d4e04e5\" data-element_type=\"widget\" data-e-type=\"widget\" data-widget_type=\"heading.default\">\n\t\t\t\t<div class=\"elementor-widget-container\">\n\t\t\t\t\t<h5 class=\"elementor-heading-title elementor-size-default\"><span style=\"color: var( --e-global-color-accent );font-family: var( --e-global-typography-c9c6da5-font-family ), Sans-serif;font-size: var( --e-global-typography-c9c6da5-font-size );font-weight: var( --e-global-typography-c9c6da5-font-weight );text-transform: var( --e-global-typography-c9c6da5-text-transform );text-align: var(--text-align)\">Lassen Sie sich von uns verw\u00f6hnen im<\/span><\/h5>\t\t\t\t<\/div>\n\t\t\t\t<\/div>\n\t\t\t\t<div class=\"elementor-element elementor-element-44eb112 elementor-widget elementor-widget-heading\" data-id=\"44eb112\" data-element_type=\"widget\" data-e-type=\"widget\" data-widget_type=\"heading.default\">\n\t\t\t\t<div class=\"elementor-widget-container\">\n\t\t\t\t\t<h3 class=\"elementor-heading-title elementor-size-default\">Restaurant Isha<\/h3>\t\t\t\t<\/div>\n\t\t\t\t<\/div>\n\t\t\t\t<\/div>\n\t\t<div class=\"elementor-element elementor-element-8c21ba3 e-con-full e-flex e-con e-child\" data-id=\"8c21ba3\" data-element_type=\"container\" data-e-type=\"container\" data-settings=\"{&quot;background_background&quot;:&quot;classic&quot;}\">\n\t\t\t\t<div class=\"elementor-element elementor-element-02fa5d9 elementor-widget elementor-widget-text-editor\" data-id=\"02fa5d9\" data-element_type=\"widget\" data-e-type=\"widget\" data-widget_type=\"text-editor.default\">\n\t\t\t\t<div class=\"elementor-widget-container\">\n\t\t\t\t\t\t\t\t\t<p>Sie finden unser Restaurant direkt gegen\u00fcber auf der anderen Stra\u00dfenseite. Wir bieten Ihnen, au\u00dfer traditioneller indischer K\u00fcche, auch europ\u00e4ische Gerichte an.<\/p><p>Daneben bieten wir Ihnen eine gro\u00dfe Auswahl an Getr\u00e4nken und Cocktails.<\/p><p>Wir freuen uns auf Ihren Besuch.<\/p>\t\t\t\t\t\t\t\t<\/div>\n\t\t\t\t<\/div>\n\t\t\t\t<\/div>\n\t\t\t\t<\/div>\n\t\t<div class=\"elementor-element elementor-element-69c807f e-con-full e-flex e-con e-parent\" data-id=\"69c807f\" data-element_type=\"container\" data-e-type=\"container\" data-settings=\"{&quot;background_background&quot;:&quot;classic&quot;}\">\n\t\t<div class=\"elementor-element elementor-element-6f897f5 e-con-full e-flex e-con e-child\" data-id=\"6f897f5\" data-element_type=\"container\" data-e-type=\"container\" data-settings=\"{&quot;background_background&quot;:&quot;classic&quot;,&quot;background_motion_fx_motion_fx_scrolling&quot;:&quot;yes&quot;,&quot;background_motion_fx_scale_effect&quot;:&quot;yes&quot;,&quot;background_motion_fx_scale_direction&quot;:&quot;in-out&quot;,&quot;background_motion_fx_scale_speed&quot;:{&quot;unit&quot;:&quot;px&quot;,&quot;size&quot;:4,&quot;sizes&quot;:[]},&quot;background_motion_fx_scale_range&quot;:{&quot;unit&quot;:&quot;%&quot;,&quot;size&quot;:&quot;&quot;,&quot;sizes&quot;:{&quot;start&quot;:20,&quot;end&quot;:80}},&quot;background_motion_fx_devices&quot;:[&quot;desktop&quot;,&quot;tablet&quot;,&quot;mobile&quot;]}\">\n\t\t\t\t<div class=\"elementor-element elementor-element-9597992 elementor-widget elementor-widget-heading\" data-id=\"9597992\" data-element_type=\"widget\" data-e-type=\"widget\" data-widget_type=\"heading.default\">\n\t\t\t\t<div class=\"elementor-widget-container\">\n\t\t\t\t\t<h5 class=\"elementor-heading-title elementor-size-default\">Machen Sie einen Auslug in den<\/h5>\t\t\t\t<\/div>\n\t\t\t\t<\/div>\n\t\t\t\t<div class=\"elementor-element elementor-element-6981972 elementor-widget elementor-widget-heading\" data-id=\"6981972\" data-element_type=\"widget\" data-e-type=\"widget\" data-widget_type=\"heading.default\">\n\t\t\t\t<div class=\"elementor-widget-container\">\n\t\t\t\t\t<h3 class=\"elementor-heading-title elementor-size-default\">Taunus<\/h3>\t\t\t\t<\/div>\n\t\t\t\t<\/div>\n\t\t\t\t<\/div>\n\t\t<div class=\"elementor-element elementor-element-ea1741f e-con-full e-flex e-con e-child\" data-id=\"ea1741f\" data-element_type=\"container\" data-e-type=\"container\" data-settings=\"{&quot;background_background&quot;:&quot;classic&quot;}\">\n\t\t\t\t<div class=\"elementor-element elementor-element-0338050 elementor-widget elementor-widget-text-editor\" data-id=\"0338050\" data-element_type=\"widget\" data-e-type=\"widget\" data-widget_type=\"text-editor.default\">\n\t\t\t\t<div class=\"elementor-widget-container\">\n\t\t\t\t\t\t\t\t\t<p>Der Taunus ist von unserem Hotel in nur wenigen Minuten per S-Bahn oder mit dem Auto zu erreichen.<\/p><p>Unser Tipp: Vom Feldberg aus hat man einen fantastischen Blick \u00fcber Frankfurt.<\/p>\t\t\t\t\t\t\t\t<\/div>\n\t\t\t\t<\/div>\n\t\t\t\t<\/div>\n\t\t\t\t<\/div>\n\t\t\t\t<\/div>\n\t\t","protected":false},"excerpt":{"rendered":"<p>Erleben Sie Frankfurt und Umgebung Unser Hotel hat nicht nur zur Messe und zur Frankfurter Innenstadt die ideale Lage. Auch&nbsp;die Umgebung Frankfurts sowie der Taunus lassen sich in wenigen Minuten mit den \u00f6ffentlichen Verkehrsmitteln oder dem Auto erreichen. Entdecken Sie die Vielfalt der Stadt und des Rhein-Main-Gebiets. Erleben Sie Frankfurt Von unserem Hotel aus k\u00f6nnen [&hellip;]<\/p>\n","protected":false},"author":1,"featured_media":0,"parent":0,"menu_order":0,"comment_status":"closed","ping_status":"closed","template":"","meta":{"footnotes":""},"class_list":["post-135","page","type-page","status-publish","hentry"],"yoast_head":"<!-- This site is optimized with the Yoast SEO plugin v27.5 - https:\/\/yoast.com\/product\/yoast-seo-wordpress\/ -->\n<title>Frankfurt erleben - Hotel Isha<\/title>\n<meta name=\"description\" content=\"Frankfurt erleben: Entdecken Sie Sehensw\u00fcrdigkeiten, Kultur und kulinarische Highlights rund um das Hotel Isha \u2013 ideal f\u00fcr Ihren St\u00e4dtetrip.\" \/>\n<meta name=\"robots\" content=\"index, follow, max-snippet:-1, max-image-preview:large, max-video-preview:-1\" \/>\n<link rel=\"canonical\" href=\"https:\/\/hotelisha.de\/index.php\/frankfurt-erleben\/\" \/>\n<meta property=\"og:locale\" content=\"de_DE\" \/>\n<meta property=\"og:type\" content=\"article\" \/>\n<meta property=\"og:title\" content=\"Frankfurt erleben - Hotel Isha\" \/>\n<meta property=\"og:description\" content=\"Frankfurt erleben: Entdecken Sie Sehensw\u00fcrdigkeiten, Kultur und kulinarische Highlights rund um das Hotel Isha \u2013 ideal f\u00fcr Ihren St\u00e4dtetrip.\" \/>\n<meta property=\"og:url\" content=\"https:\/\/hotelisha.de\/index.php\/frankfurt-erleben\/\" \/>\n<meta property=\"og:site_name\" content=\"Hotel Isha\" \/>\n<meta property=\"article:modified_time\" content=\"2026-02-27T14:59:52+00:00\" \/>\n<meta name=\"twitter:card\" content=\"summary_large_image\" \/>\n<meta name=\"twitter:label1\" content=\"Gesch\u00e4tzte Lesezeit\" \/>\n\t<meta name=\"twitter:data1\" content=\"2\u00a0Minuten\" \/>\n<script type=\"application\/ld+json\" class=\"yoast-schema-graph\">{\"@context\":\"https:\\\/\\\/schema.org\",\"@graph\":[{\"@type\":\"WebPage\",\"@id\":\"https:\\\/\\\/hotelisha.de\\\/index.php\\\/frankfurt-erleben\\\/\",\"url\":\"https:\\\/\\\/hotelisha.de\\\/index.php\\\/frankfurt-erleben\\\/\",\"name\":\"Frankfurt erleben - Hotel Isha\",\"isPartOf\":{\"@id\":\"https:\\\/\\\/hotelisha.de\\\/#website\"},\"datePublished\":\"2024-11-09T11:24:42+00:00\",\"dateModified\":\"2026-02-27T14:59:52+00:00\",\"description\":\"Frankfurt erleben: Entdecken Sie Sehensw\u00fcrdigkeiten, Kultur und kulinarische Highlights rund um das Hotel Isha \u2013 ideal f\u00fcr Ihren St\u00e4dtetrip.\",\"breadcrumb\":{\"@id\":\"https:\\\/\\\/hotelisha.de\\\/index.php\\\/frankfurt-erleben\\\/#breadcrumb\"},\"inLanguage\":\"de\",\"potentialAction\":[{\"@type\":\"ReadAction\",\"target\":[\"https:\\\/\\\/hotelisha.de\\\/index.php\\\/frankfurt-erleben\\\/\"]}]},{\"@type\":\"BreadcrumbList\",\"@id\":\"https:\\\/\\\/hotelisha.de\\\/index.php\\\/frankfurt-erleben\\\/#breadcrumb\",\"itemListElement\":[{\"@type\":\"ListItem\",\"position\":1,\"name\":\"Startseite\",\"item\":\"https:\\\/\\\/hotelisha.de\\\/\"},{\"@type\":\"ListItem\",\"position\":2,\"name\":\"Frankfurt erleben\"}]},{\"@type\":\"WebSite\",\"@id\":\"https:\\\/\\\/hotelisha.de\\\/#website\",\"url\":\"https:\\\/\\\/hotelisha.de\\\/\",\"name\":\"Hotel Isha\",\"description\":\"\",\"publisher\":{\"@id\":\"https:\\\/\\\/hotelisha.de\\\/#organization\"},\"potentialAction\":[{\"@type\":\"SearchAction\",\"target\":{\"@type\":\"EntryPoint\",\"urlTemplate\":\"https:\\\/\\\/hotelisha.de\\\/?s={search_term_string}\"},\"query-input\":{\"@type\":\"PropertyValueSpecification\",\"valueRequired\":true,\"valueName\":\"search_term_string\"}}],\"inLanguage\":\"de\"},{\"@type\":\"Organization\",\"@id\":\"https:\\\/\\\/hotelisha.de\\\/#organization\",\"name\":\"Hotel Isha\",\"url\":\"https:\\\/\\\/hotelisha.de\\\/\",\"logo\":{\"@type\":\"ImageObject\",\"inLanguage\":\"de\",\"@id\":\"https:\\\/\\\/hotelisha.de\\\/#\\\/schema\\\/logo\\\/image\\\/\",\"url\":\"https:\\\/\\\/hotelisha.de\\\/wp-content\\\/uploads\\\/2024\\\/11\\\/logo_hotel_isha_web.png\",\"contentUrl\":\"https:\\\/\\\/hotelisha.de\\\/wp-content\\\/uploads\\\/2024\\\/11\\\/logo_hotel_isha_web.png\",\"width\":350,\"height\":100,\"caption\":\"Hotel Isha\"},\"image\":{\"@id\":\"https:\\\/\\\/hotelisha.de\\\/#\\\/schema\\\/logo\\\/image\\\/\"}}]}<\/script>\n<!-- \/ Yoast SEO plugin. -->","yoast_head_json":{"title":"Frankfurt erleben - Hotel Isha","description":"Frankfurt erleben: Entdecken Sie Sehensw\u00fcrdigkeiten, Kultur und kulinarische Highlights rund um das Hotel Isha \u2013 ideal f\u00fcr Ihren St\u00e4dtetrip.","robots":{"index":"index","follow":"follow","max-snippet":"max-snippet:-1","max-image-preview":"max-image-preview:large","max-video-preview":"max-video-preview:-1"},"canonical":"https:\/\/hotelisha.de\/index.php\/frankfurt-erleben\/","og_locale":"de_DE","og_type":"article","og_title":"Frankfurt erleben - Hotel Isha","og_description":"Frankfurt erleben: Entdecken Sie Sehensw\u00fcrdigkeiten, Kultur und kulinarische Highlights rund um das Hotel Isha \u2013 ideal f\u00fcr Ihren St\u00e4dtetrip.","og_url":"https:\/\/hotelisha.de\/index.php\/frankfurt-erleben\/","og_site_name":"Hotel Isha","article_modified_time":"2026-02-27T14:59:52+00:00","twitter_card":"summary_large_image","twitter_misc":{"Gesch\u00e4tzte Lesezeit":"2\u00a0Minuten"},"schema":{"@context":"https:\/\/schema.org","@graph":[{"@type":"WebPage","@id":"https:\/\/hotelisha.de\/index.php\/frankfurt-erleben\/","url":"https:\/\/hotelisha.de\/index.php\/frankfurt-erleben\/","name":"Frankfurt erleben - Hotel Isha","isPartOf":{"@id":"https:\/\/hotelisha.de\/#website"},"datePublished":"2024-11-09T11:24:42+00:00","dateModified":"2026-02-27T14:59:52+00:00","description":"Frankfurt erleben: Entdecken Sie Sehensw\u00fcrdigkeiten, Kultur und kulinarische Highlights rund um das Hotel Isha \u2013 ideal f\u00fcr Ihren St\u00e4dtetrip.","breadcrumb":{"@id":"https:\/\/hotelisha.de\/index.php\/frankfurt-erleben\/#breadcrumb"},"inLanguage":"de","potentialAction":[{"@type":"ReadAction","target":["https:\/\/hotelisha.de\/index.php\/frankfurt-erleben\/"]}]},{"@type":"BreadcrumbList","@id":"https:\/\/hotelisha.de\/index.php\/frankfurt-erleben\/#breadcrumb","itemListElement":[{"@type":"ListItem","position":1,"name":"Startseite","item":"https:\/\/hotelisha.de\/"},{"@type":"ListItem","position":2,"name":"Frankfurt erleben"}]},{"@type":"WebSite","@id":"https:\/\/hotelisha.de\/#website","url":"https:\/\/hotelisha.de\/","name":"Hotel Isha","description":"","publisher":{"@id":"https:\/\/hotelisha.de\/#organization"},"potentialAction":[{"@type":"SearchAction","target":{"@type":"EntryPoint","urlTemplate":"https:\/\/hotelisha.de\/?s={search_term_string}"},"query-input":{"@type":"PropertyValueSpecification","valueRequired":true,"valueName":"search_term_string"}}],"inLanguage":"de"},{"@type":"Organization","@id":"https:\/\/hotelisha.de\/#organization","name":"Hotel Isha","url":"https:\/\/hotelisha.de\/","logo":{"@type":"ImageObject","inLanguage":"de","@id":"https:\/\/hotelisha.de\/#\/schema\/logo\/image\/","url":"https:\/\/hotelisha.de\/wp-content\/uploads\/2024\/11\/logo_hotel_isha_web.png","contentUrl":"https:\/\/hotelisha.de\/wp-content\/uploads\/2024\/11\/logo_hotel_isha_web.png","width":350,"height":100,"caption":"Hotel Isha"},"image":{"@id":"https:\/\/hotelisha.de\/#\/schema\/logo\/image\/"}}]}},"_links":{"self":[{"href":"https:\/\/hotelisha.de\/index.php\/wp-json\/wp\/v2\/pages\/135","targetHints":{"allow":["GET"]}}],"collection":[{"href":"https:\/\/hotelisha.de\/index.php\/wp-json\/wp\/v2\/pages"}],"about":[{"href":"https:\/\/hotelisha.de\/index.php\/wp-json\/wp\/v2\/types\/page"}],"author":[{"embeddable":true,"href":"https:\/\/hotelisha.de\/index.php\/wp-json\/wp\/v2\/users\/1"}],"replies":[{"embeddable":true,"href":"https:\/\/hotelisha.de\/index.php\/wp-json\/wp\/v2\/comments?post=135"}],"version-history":[{"count":76,"href":"https:\/\/hotelisha.de\/index.php\/wp-json\/wp\/v2\/pages\/135\/revisions"}],"predecessor-version":[{"id":814,"href":"https:\/\/hotelisha.de\/index.php\/wp-json\/wp\/v2\/pages\/135\/revisions\/814"}],"wp:attachment":[{"href":"https:\/\/hotelisha.de\/index.php\/wp-json\/wp\/v2\/media?parent=135"}],"curies":[{"name":"wp","href":"https:\/\/api.w.org\/{rel}","templated":true}]}}